{"id":21,"date":"2025-02-06T21:59:32","date_gmt":"2025-02-06T20:59:32","guid":{"rendered":"https:\/\/ihms.afihm.org\/?page_id=21"},"modified":"2025-02-06T21:59:32","modified_gmt":"2025-02-06T20:59:32","slug":"les-responsables","status":"publish","type":"page","link":"https:\/\/ihms.afihm.org\/index.php\/les-responsables\/","title":{"rendered":"Les responsables"},"content":{"rendered":"\n<div class=\"wp-block-group is-vertical is-layout-flex wp-container-core-group-is-layout-1 wp-block-group-is-layout-flex\">\n<div class=\"wp-block-media-text is-stacked-on-mobile\"><figure class=\"wp-block-media-text__media\"><img loading=\"lazy\" decoding=\"async\" width=\"1024\" height=\"1024\" src=\"https:\/\/ihms.afihm.org\/wp-content\/uploads\/2025\/02\/Photo_IgnacioAvellino-1024x1024.jpeg\" alt=\"Photo d'Ignacio Avellino\" class=\"wp-image-22 size-full\" srcset=\"https:\/\/ihms.afihm.org\/wp-content\/uploads\/2025\/02\/Photo_IgnacioAvellino-1024x1024.jpeg 1024w, https:\/\/ihms.afihm.org\/wp-content\/uploads\/2025\/02\/Photo_IgnacioAvellino-300x300.jpeg 300w, https:\/\/ihms.afihm.org\/wp-content\/uploads\/2025\/02\/Photo_IgnacioAvellino-150x150.jpeg 150w, https:\/\/ihms.afihm.org\/wp-content\/uploads\/2025\/02\/Photo_IgnacioAvellino-768x768.jpeg 768w, https:\/\/ihms.afihm.org\/wp-content\/uploads\/2025\/02\/Photo_IgnacioAvellino-1536x1536.jpeg 1536w, https:\/\/ihms.afihm.org\/wp-content\/uploads\/2025\/02\/Photo_IgnacioAvellino-2048x2048.jpeg 2048w\" sizes=\"auto, (max-width: 1024px) 100vw, 1024px\" \/><\/figure><div class=\"wp-block-media-text__content\">\n<p><strong><br>Ignacio AVELLINO<\/strong><\/p>\n\n\n\n<p id=\"block-7c99bca4-0f60-4ce3-865d-9137ff8fb2ef\">Charg\u00e9 de recherche<br>\u00c9quipe Agathe, ISIR, Paris&nbsp;<br><a href=\"mailto:ignacio.avellino@sorbonne-universite.fr\" target=\"_blank\" rel=\"noreferrer noopener\">ignacio.avellino@sorbonne-universite.fr<\/a><\/p>\n\n\n\n<p>Interaction Humain\u2013Machine, Travail Collaboratif Assist\u00e9 par Ordinateur, T\u00e9l\u00e9expertise, Apprentissage humain, Vid\u00e9os<\/p>\n\n\n\n<p><\/p>\n<\/div><\/div>\n\n\n\n<div class=\"wp-block-media-text is-stacked-on-mobile\"><figure class=\"wp-block-media-text__media\"><img loading=\"lazy\" decoding=\"async\" width=\"1024\" height=\"1024\" src=\"https:\/\/ihms.afihm.org\/wp-content\/uploads\/2025\/02\/Photo_Isabelle_Pecci-1024x1024.jpeg\" alt=\"Photo d'Isabelle Pecci\" class=\"wp-image-23 size-full\" srcset=\"https:\/\/ihms.afihm.org\/wp-content\/uploads\/2025\/02\/Photo_Isabelle_Pecci-1024x1024.jpeg 1024w, https:\/\/ihms.afihm.org\/wp-content\/uploads\/2025\/02\/Photo_Isabelle_Pecci-300x300.jpeg 300w, https:\/\/ihms.afihm.org\/wp-content\/uploads\/2025\/02\/Photo_Isabelle_Pecci-150x150.jpeg 150w, https:\/\/ihms.afihm.org\/wp-content\/uploads\/2025\/02\/Photo_Isabelle_Pecci-768x768.jpeg 768w, https:\/\/ihms.afihm.org\/wp-content\/uploads\/2025\/02\/Photo_Isabelle_Pecci-1536x1536.jpeg 1536w, https:\/\/ihms.afihm.org\/wp-content\/uploads\/2025\/02\/Photo_Isabelle_Pecci-2048x2048.jpeg 2048w\" sizes=\"auto, (max-width: 1024px) 100vw, 1024px\" \/><\/figure><div class=\"wp-block-media-text__content\">\n<p><strong>Isabelle PECCI<\/strong><\/p>\n\n\n\n<p>Professeure des Universit\u00e9s<br>Axe HESA, LCOMS, Metz\u00a0<br><a href=\"mailto:isabelle.pecci@univ-lorraine.fr\" target=\"_blank\" rel=\"noreferrer noopener\">isabelle.pecci@univ-lorraine.fr<\/a><\/p>\n\n\n\n<p>Interactions haptiques, Interactions tangibles, Multimodalit\u00e9, Entr\u00e9e de texte, Personnes \u00e0 besoins sp\u00e9cifiques<\/p>\n<\/div><\/div>\n<\/div>\n","protected":false},"excerpt":{"rendered":"<p>Ignacio AVELLINO Charg\u00e9 de recherche\u00c9quipe Agathe, ISIR, Paris&nbsp;ignacio.avellino@sorbonne-universite.fr Interaction Humain\u2013Machine, Travail Collaboratif Assist\u00e9 par Ordinateur, T\u00e9l\u00e9expertise, Apprentissage humain, Vid\u00e9os Isabelle PECCI Professeure des Universit\u00e9sAxe HESA, LCOMS, Metz\u00a0isabelle.pecci@univ-lorraine.fr Interactions haptiques, Interactions tangibles, Multimodalit\u00e9, Entr\u00e9e de texte, Personnes \u00e0 besoins sp\u00e9cifiques<\/p>\n","protected":false},"author":1,"featured_media":0,"parent":0,"menu_order":0,"comment_status":"closed","ping_status":"closed","template":"","meta":{"footnotes":""},"class_list":["post-21","page","type-page","status-publish","hentry"],"_links":{"self":[{"href":"https:\/\/ihms.afihm.org\/index.php\/wp-json\/wp\/v2\/pages\/21","targetHints":{"allow":["GET"]}}],"collection":[{"href":"https:\/\/ihms.afihm.org\/index.php\/wp-json\/wp\/v2\/pages"}],"about":[{"href":"https:\/\/ihms.afihm.org\/index.php\/wp-json\/wp\/v2\/types\/page"}],"author":[{"embeddable":true,"href":"https:\/\/ihms.afihm.org\/index.php\/wp-json\/wp\/v2\/users\/1"}],"replies":[{"embeddable":true,"href":"https:\/\/ihms.afihm.org\/index.php\/wp-json\/wp\/v2\/comments?post=21"}],"version-history":[{"count":1,"href":"https:\/\/ihms.afihm.org\/index.php\/wp-json\/wp\/v2\/pages\/21\/revisions"}],"predecessor-version":[{"id":24,"href":"https:\/\/ihms.afihm.org\/index.php\/wp-json\/wp\/v2\/pages\/21\/revisions\/24"}],"wp:attachment":[{"href":"https:\/\/ihms.afihm.org\/index.php\/wp-json\/wp\/v2\/media?parent=21"}],"curies":[{"name":"wp","href":"https:\/\/api.w.org\/{rel}","templated":true}]}}