{"id":39,"date":"2025-02-06T22:32:13","date_gmt":"2025-02-06T21:32:13","guid":{"rendered":"https:\/\/ihms.afihm.org\/?page_id=39"},"modified":"2025-02-13T21:05:02","modified_gmt":"2025-02-13T20:05:02","slug":"gt-ihm-sante","status":"publish","type":"page","link":"https:\/\/ihms.afihm.org\/","title":{"rendered":"GT IHM &#038; Sant\u00e9"},"content":{"rendered":"\n<div class=\"wp-block-columns is-layout-flex wp-container-core-columns-is-layout-1 wp-block-columns-is-layout-flex\">\n<div class=\"wp-block-column is-layout-flow wp-block-column-is-layout-flow\" style=\"flex-basis:66.66%\">\n<p id=\"block-fd79ff7d-5254-4c97-93f5-292ef49e2b6d\">Le Groupe de Travail (GT) IHM dans le domaine de la Sant\u00e9, lab\u00e9lis\u00e9 par&nbsp;<a href=\"https:\/\/afihm.org\/\">l\u2019AFIHM<\/a>, vise \u00e0 f\u00e9d\u00e9rer la communaut\u00e9 francophone autour des recherches en IHM appliqu\u00e9es aux nombreux th\u00e8mes de Sant\u00e9 tels que d\u00e9finis par l\u2019OMS :<\/p>\n\n\n\n<blockquote class=\"wp-block-quote is-layout-flow wp-block-quote-is-layout-flow\">\n<p id=\"block-49aa6f26-af47-42a0-8ab7-d627f9ae1637\"><strong><em>La sant\u00e9 est un \u00e9tat de complet bien-\u00eatre physique, mental et social, et ne consiste pas seulement en une absence de maladie ou d&rsquo;infirmit\u00e9<\/em><\/strong><\/p>\n<\/blockquote>\n<\/div>\n\n\n\n<div class=\"wp-block-column is-layout-flow wp-block-column-is-layout-flow\" style=\"flex-basis:33.33%\">\n<figure class=\"wp-block-image size-full\"><img loading=\"lazy\" decoding=\"async\" width=\"480\" height=\"261\" src=\"https:\/\/ihms.afihm.org\/wp-content\/uploads\/2025\/02\/Logo_couleur_GT_IHMS.png\" alt=\"Logo du GT IHM&amp;S repr\u00e9senter une t\u00eate et un caduc\u00e9e\" class=\"wp-image-16\" srcset=\"https:\/\/ihms.afihm.org\/wp-content\/uploads\/2025\/02\/Logo_couleur_GT_IHMS.png 480w, https:\/\/ihms.afihm.org\/wp-content\/uploads\/2025\/02\/Logo_couleur_GT_IHMS-300x163.png 300w\" sizes=\"auto, (max-width: 480px) 100vw, 480px\" \/><\/figure>\n<\/div>\n<\/div>\n\n\n\n<p><\/p>\n","protected":false},"excerpt":{"rendered":"<p>Le Groupe de Travail (GT) IHM dans le domaine de la Sant\u00e9, lab\u00e9lis\u00e9 par&nbsp;l\u2019AFIHM, vise \u00e0 f\u00e9d\u00e9rer la communaut\u00e9 francophone autour des recherches en IHM appliqu\u00e9es aux nombreux th\u00e8mes de Sant\u00e9 tels que d\u00e9finis par l\u2019OMS : La sant\u00e9 est&#8230; <a href=\"https:\/\/ihms.afihm.org\/\" class=\"readmore\">Read more<span class=\"screen-reader-text\">GT IHM &#038; Sant\u00e9<\/span><span class=\"fa fa-angle-double-right\" aria-hidden=\"true\"><\/span><\/a><\/p>\n","protected":false},"author":1,"featured_media":0,"parent":0,"menu_order":0,"comment_status":"closed","ping_status":"closed","template":"","meta":{"footnotes":""},"class_list":["post-39","page","type-page","status-publish","hentry"],"_links":{"self":[{"href":"https:\/\/ihms.afihm.org\/index.php\/wp-json\/wp\/v2\/pages\/39","targetHints":{"allow":["GET"]}}],"collection":[{"href":"https:\/\/ihms.afihm.org\/index.php\/wp-json\/wp\/v2\/pages"}],"about":[{"href":"https:\/\/ihms.afihm.org\/index.php\/wp-json\/wp\/v2\/types\/page"}],"author":[{"embeddable":true,"href":"https:\/\/ihms.afihm.org\/index.php\/wp-json\/wp\/v2\/users\/1"}],"replies":[{"embeddable":true,"href":"https:\/\/ihms.afihm.org\/index.php\/wp-json\/wp\/v2\/comments?post=39"}],"version-history":[{"count":3,"href":"https:\/\/ihms.afihm.org\/index.php\/wp-json\/wp\/v2\/pages\/39\/revisions"}],"predecessor-version":[{"id":74,"href":"https:\/\/ihms.afihm.org\/index.php\/wp-json\/wp\/v2\/pages\/39\/revisions\/74"}],"wp:attachment":[{"href":"https:\/\/ihms.afihm.org\/index.php\/wp-json\/wp\/v2\/media?parent=39"}],"curies":[{"name":"wp","href":"https:\/\/api.w.org\/{rel}","templated":true}]}}